{"id":38,"date":"2025-09-18T18:57:51","date_gmt":"2025-09-18T18:57:51","guid":{"rendered":"https:\/\/oecc.eqxhub.com\/?page_id=38"},"modified":"2025-12-02T21:39:33","modified_gmt":"2025-12-02T21:39:33","slug":"home-energy-guide-sign-up-form","status":"publish","type":"page","link":"https:\/\/oecc.eqxhub.com\/es\/home-energy-guide-sign-up-form\/","title":{"rendered":"Formulario de inscripci\u00f3n para la Gu\u00eda de Energ\u00eda para el Hogar"},"content":{"rendered":"<p>[et_pb_section fb_built=&#8221;1&#8243; _builder_version=&#8221;4.27.4&#8243; _module_preset=&#8221;default&#8221; background_color=&#8221;#104462&#8243; custom_margin=&#8221;0px||0px||true|false&#8221; custom_padding=&#8221;0px||0px||true|false&#8221; global_colors_info=&#8221;{}&#8221;][et_pb_row column_structure=&#8221;1_4,3_4&#8243; use_custom_gutter=&#8221;on&#8221; _builder_version=&#8221;4.27.4&#8243; _module_preset=&#8221;default&#8221; custom_margin=&#8221;0px||0px||true|false&#8221; custom_padding=&#8221;0px||0px||true|false&#8221; hover_enabled=&#8221;0&#8243; global_colors_info=&#8221;{}&#8221; sticky_enabled=&#8221;0&#8243;][et_pb_column type=&#8221;1_4&#8243; _builder_version=&#8221;4.27.4&#8243; _module_preset=&#8221;default&#8221; global_colors_info=&#8221;{}&#8221;][et_pb_image src=&#8221;https:\/\/oecc.eqxhub.com\/wp-content\/uploads\/favicon_800x800_OECC.png&#8221; alt=&#8221;favicon_800x800_OECC&#8221; title_text=&#8221;favicon_800x800_OECC&#8221; show_bottom_space=&#8221;off&#8221; align=&#8221;right&#8221; _builder_version=&#8221;4.27.4&#8243; _module_preset=&#8221;default&#8221; max_height=&#8221;115px&#8221; custom_padding=&#8221;1vh||1vh||true|false&#8221; custom_css_main_element=&#8221;display: flex;||align-items: center;||justify-content: flex-end;||height: 100%;||&#8221; global_colors_info=&#8221;{}&#8221;][\/et_pb_image][\/et_pb_column][et_pb_column type=&#8221;3_4&#8243; _builder_version=&#8221;4.27.4&#8243; _module_preset=&#8221;default&#8221; hover_enabled=&#8221;0&#8243; global_colors_info=&#8221;{}&#8221; sticky_enabled=&#8221;0&#8243;][et_pb_text _builder_version=&#8221;4.27.4&#8243; _module_preset=&#8221;default&#8221; header_text_color=&#8221;#FFFFFF&#8221; background_layout=&#8221;dark&#8221; custom_padding=&#8221;3vh||3vh||true|false&#8221; hover_enabled=&#8221;0&#8243; custom_css_main_element=&#8221;display: flex;||align-items: center;||height: 100%;||&#8221; global_colors_info=&#8221;{}&#8221; sticky_enabled=&#8221;0&#8243;]<\/p>\n<h1>Home Energy Guide Sign Up Form<\/h1>\n<p>[\/et_pb_text][\/et_pb_column][\/et_pb_row][\/et_pb_section][et_pb_section fb_built=&#8221;1&#8243; _builder_version=&#8221;4.27.4&#8243; _module_preset=&#8221;default&#8221; background_color=&#8221;#305C4A&#8221; custom_margin=&#8221;0px||0px||true|false&#8221; custom_padding=&#8221;0px||0px||true|false&#8221; global_colors_info=&#8221;{}&#8221;][et_pb_row _builder_version=&#8221;4.27.4&#8243; _module_preset=&#8221;default&#8221; custom_margin=&#8221;0px||0px||true|false&#8221; custom_padding=&#8221;0px||0px||true|false&#8221; global_colors_info=&#8221;{}&#8221;][et_pb_column type=&#8221;4_4&#8243; _builder_version=&#8221;4.27.4&#8243; _module_preset=&#8221;default&#8221; global_colors_info=&#8221;{}&#8221;][et_pb_text _builder_version=&#8221;4.27.4&#8243; _module_preset=&#8221;default&#8221; text_text_color=&#8221;#FFFFFF&#8221; background_layout=&#8221;dark&#8221; custom_padding=&#8221;2vh||2vh||true|false&#8221; global_colors_info=&#8221;{}&#8221;]<\/p>\n<p style=\"text-align: center;\"><strong>These organizations have partnered together to help you save energy and money.<\/strong><\/p>\n<p style=\"text-align: center;\">Wisconsin EcoLatinos \u2022 The Hmong Institute \u2022 Latino Professionals Association \u2022 Project Home \u2022 Blacks for Political and Social Action of Dane County \u2022 Latino Academy of Workforce Development \u2022 Cornerstone Community Center \u2022 The Northside Planning Council \u2022 Dane County Office of Energy &amp; Climate Change<\/p>\n<p>[\/et_pb_text][\/et_pb_column][\/et_pb_row][\/et_pb_section][et_pb_section fb_built=&#8221;1&#8243; _builder_version=&#8221;4.27.4&#8243; _module_preset=&#8221;default&#8221; global_colors_info=&#8221;{}&#8221;][et_pb_row _builder_version=&#8221;4.27.4&#8243; _module_preset=&#8221;default&#8221; global_colors_info=&#8221;{}&#8221;][et_pb_column type=&#8221;4_4&#8243; _builder_version=&#8221;4.27.4&#8243; _module_preset=&#8221;default&#8221; global_colors_info=&#8221;{}&#8221;][et_pb_text _builder_version=&#8221;4.27.4&#8243; _module_preset=&#8221;default&#8221; global_colors_info=&#8221;{}&#8221;]<\/p>\n<p>By signing up for a Home Energy Guide, you will be contacted within 10 business days by a Guide from <strong>Wisconsin EcoLatinos<\/strong> or <strong>The Hmong Institute<\/strong>.<\/p>\n<p>[\/et_pb_text][et_pb_text _builder_version=&#8221;4.27.4&#8243; _module_preset=&#8221;default&#8221; global_colors_info=&#8221;{}&#8221;]<\/p>\n<p><div class=\"forminator-ui forminator-custom-form forminator-custom-form-54 forminator-design--default  forminator_ajax\" data-forminator-render=\"0\" data-form=\"forminator-module-54\" data-uid=\"69f32ded14f9a\"><\/div>\n<form\n\t\t\t\tid=\"forminator-module-54\"\n\t\t\t\tclass=\"forminator-ui forminator-custom-form forminator-custom-form-54 forminator-design--default  forminator_ajax\"\n\t\t\t\tmethod=\"post\"\n\t\t\t\tdata-forminator-render=\"0\"\n\t\t\t\tdata-form-id=\"54\"\n\t\t\t\t data-color-option=\"theme\" data-design=\"default\" data-grid=\"open\" style=\"display: none;\"\n\t\t\t\tdata-uid=\"69f32ded14f9a\"\n\t\t\t><\/p>\n<div role=\"alert\" aria-live=\"polite\" class=\"forminator-response-message forminator-error\" aria-hidden=\"true\"><\/div>\n<div class=\"forminator-row\">\n<div id=\"name-1\" class=\"forminator-field-name forminator-col forminator-col-12 \">\n<div class=\"forminator-field\"><label for=\"forminator-field-name-1_69f32ded14f9a\" id=\"forminator-field-name-1_69f32ded14f9a-label\" class=\"forminator-label\">Name <span class=\"forminator-required\">*<\/span><\/label><input type=\"text\" name=\"name-1\" value=\"\" placeholder=\"\" id=\"forminator-field-name-1_69f32ded14f9a\" class=\"forminator-input forminator-name--field\" aria-required=\"true\" autocomplete=\"name\" \/><\/div>\n<\/div>\n<\/div>\n<div class=\"forminator-row\">\n<div id=\"text-2\" class=\"forminator-field-text forminator-col forminator-col-12 \">\n<div class=\"forminator-field\"><label for=\"forminator-field-text-2_69f32ded14f9a\" id=\"forminator-field-text-2_69f32ded14f9a-label\" class=\"forminator-label\">Contact Information (email and\/or phone) <span class=\"forminator-required\">*<\/span><\/label><input type=\"text\" name=\"text-2\" value=\"\" placeholder=\"\" id=\"forminator-field-text-2_69f32ded14f9a\" class=\"forminator-input forminator-name--field\" data-required=\"1\" \/><\/div>\n<\/div>\n<\/div>\n<div class=\"forminator-row\">\n<div id=\"text-3\" class=\"forminator-field-text forminator-col forminator-col-12 \">\n<div class=\"forminator-field\"><label for=\"forminator-field-text-3_69f32ded14f9a\" id=\"forminator-field-text-3_69f32ded14f9a-label\" class=\"forminator-label\">Where did you hear about this? (optional)<\/label><input type=\"text\" name=\"text-3\" value=\"\" placeholder=\"(Enter event name or details)\" id=\"forminator-field-text-3_69f32ded14f9a\" class=\"forminator-input forminator-name--field\" data-required=\"\" \/><\/div>\n<\/div>\n<\/div>\n<div class=\"forminator-row\">\n<div id=\"select-3\" class=\"forminator-field-select forminator-col forminator-col-12 \">\n<div class=\"forminator-field\"><label for=\"forminator-form-54__field--select-3_69f32ded14f9a\" id=\"forminator-form-54__field--select-3_69f32ded14f9a-label\" class=\"forminator-label\">What organization shared this with you? (optional)<\/label><select  id=\"forminator-form-54__field--select-3_69f32ded14f9a\" class=\"forminator-select--field forminator-select2 forminator-select2-multiple\" data-required=\"\" name=\"select-3\" data-default-value=\"\" data-hidden-behavior=\"zero\" data-placeholder=\"(Select one)\" data-search=\"false\" data-search-placeholder=\"(Select one)\" data-checkbox=\"false\" data-allow-clear=\"false\" aria-labelledby=\"forminator-form-54__field--select-3_69f32ded14f9a-label\"><option value=\"\"  >(Select one)<\/option><option value=\"one\"  data-calculation=\"0\">Blacks for Political and Social Action of Dane County<\/option><option value=\"two\"  data-calculation=\"0\">Project Home<\/option><option value=\"Latino-Professionals-Association\"  data-calculation=\"0\">Latino Professionals Association<\/option><option value=\"Latino-Academy-of-Workforce-Development\"  data-calculation=\"0\">Latino Academy of Workforce Development<\/option><option value=\"Northside-Planning-Council\"  data-calculation=\"0\">Northside Planning Council<\/option><option value=\"Cornerstone-Community-Center\"  data-calculation=\"0\">Cornerstone Community Center<\/option><\/select><\/div>\n<\/div>\n<\/div>\n<div class=\"forminator-row\">\n<div id=\"select-2\" class=\"forminator-field-select forminator-col forminator-col-12 \">\n<div class=\"forminator-field\"><label for=\"forminator-form-54__field--select-2_69f32ded14f9a\" id=\"forminator-form-54__field--select-2_69f32ded14f9a-label\" class=\"forminator-label\">Primary Spoken Language <span class=\"forminator-required\">*<\/span><\/label><span id=\"forminator-form-54__field--select-2_69f32ded14f9a-description\" class=\"forminator-description\">Select the language you prefer for your Home Energy Guide. This will determine which guide is assigned to you.<\/span><select  id=\"forminator-form-54__field--select-2_69f32ded14f9a\" class=\"forminator-select--field forminator-select2 forminator-select2-multiple\" data-required=\"1\" name=\"select-2\" data-default-value=\"\" data-hidden-behavior=\"zero\" data-placeholder=\"(Select one)\" data-search=\"false\" data-search-placeholder=\"(Select one)\" data-checkbox=\"false\" data-allow-clear=\"false\" aria-labelledby=\"forminator-form-54__field--select-2_69f32ded14f9a-label\" aria-describedby=\"forminator-form-54__field--select-2_69f32ded14f9a-description\"><option value=\"\"  >(Select one)<\/option><option value=\"one\"  data-calculation=\"0\">Spanish<\/option><option value=\"two\"  data-calculation=\"0\">Hmong<\/option><option value=\"Higher-(&gt;150%-AMI)\"  data-calculation=\"0\">English<\/option><option value=\"Other\"  data-calculation=\"0\">Other<\/option><\/select><\/div>\n<\/div>\n<\/div>\n<div class=\"forminator-row\">\n<div id=\"text-1\" class=\"forminator-field-text forminator-col forminator-col-12 \">\n<div class=\"forminator-field\"><label for=\"forminator-field-text-1_69f32ded14f9a\" id=\"forminator-field-text-1_69f32ded14f9a-label\" class=\"forminator-label\">Enter Your Preferred Language <span class=\"forminator-required\">*<\/span><\/label><input type=\"text\" name=\"text-1\" value=\"\" placeholder=\"\" id=\"forminator-field-text-1_69f32ded14f9a\" class=\"forminator-input forminator-name--field\" data-required=\"1\" \/><\/div>\n<\/div>\n<\/div>\n<div class=\"forminator-row\">\n<div id=\"select-1\" class=\"forminator-field-select forminator-col forminator-col-12 \">\n<div class=\"forminator-field\"><label for=\"forminator-form-54__field--select-1_69f32ded14f9a\" id=\"forminator-form-54__field--select-1_69f32ded14f9a-label\" class=\"forminator-label\">Income Eligibility<\/label><select  id=\"forminator-form-54__field--select-1_69f32ded14f9a\" class=\"forminator-select--field forminator-select2 forminator-select2-multiple\" data-required=\"\" name=\"select-1\" data-default-value=\"\" data-hidden-behavior=\"zero\" data-placeholder=\"(Select one)\" data-search=\"false\" data-search-placeholder=\"(Select one)\" data-checkbox=\"false\" data-allow-clear=\"false\" aria-labelledby=\"forminator-form-54__field--select-1_69f32ded14f9a-label\"><option value=\"\"  >(Select one)<\/option><option value=\"one\"  data-calculation=\"0\">Low (&lt; 80% AMI)<\/option><option value=\"two\"  data-calculation=\"0\">Moderate (80%-150% AMI)<\/option><option value=\"Higher-(&gt;150%-AMI)\"  data-calculation=\"0\">Higher (&gt; 150% AMI)<\/option><\/select><\/div>\n<\/div>\n<\/div>\n<div class=\"forminator-row\">\n<div id=\"textarea-2\" class=\"forminator-field-textarea forminator-col forminator-col-12 \">\n<div class=\"forminator-field\"><label for=\"forminator-field-textarea-2_69f32ded14f9a\" id=\"forminator-field-textarea-2_69f32ded14f9a-label\" class=\"forminator-label\">Other Information<\/label><span id=\"forminator-field-textarea-2_69f32ded14f9a-description\" class=\"forminator-description\">Share any other details you\u2019d like us to know.<\/span><textarea name=\"textarea-2\" placeholder=\"\" id=\"forminator-field-textarea-2_69f32ded14f9a\" class=\"forminator-textarea\" rows=\"6\" style=\"--forminator-textarea-min-height:140px;\" aria-describedby=\"forminator-field-textarea-2_69f32ded14f9a-description\" ><\/textarea><\/div>\n<\/div>\n<\/div>\n<p><input type=\"hidden\" name=\"referer_url\" value=\"\" \/><\/p>\n<div class=\"forminator-row forminator-row-last\">\n<div class=\"forminator-col\">\n<div class=\"forminator-field\"><button class=\"forminator-button forminator-button-submit\">Submit<\/button><\/div>\n<\/div>\n<\/div>\n<p><input type=\"hidden\" id=\"forminator_nonce\" name=\"forminator_nonce\" value=\"36bb238ddd\" \/><input type=\"hidden\" name=\"_wp_http_referer\" value=\"\/es\/wp-json\/wp\/v2\/pages\/38\" \/><input type=\"hidden\" name=\"form_id\" value=\"54\"><input type=\"hidden\" name=\"page_id\" value=\"38\"><input type=\"hidden\" name=\"form_type\" value=\"default\"><input type=\"hidden\" name=\"current_url\" value=\"https:\/\/oecc.eqxhub.com\/es\/home-energy-guide-sign-up-form\/\"><input type=\"hidden\" name=\"render_id\" value=\"0\"><input type=\"hidden\" name=\"action\" value=\"forminator_submit_form_custom-forms\"><\/form>\n<\/p>\n<p>[\/et_pb_text][\/et_pb_column][\/et_pb_row][\/et_pb_section][et_pb_section fb_built=&#8221;1&#8243; _builder_version=&#8221;4.27.4&#8243; _module_preset=&#8221;default&#8221; background_color=&#8221;#104462&#8243; custom_margin=&#8221;0px||0px||true|false&#8221; custom_padding=&#8221;0px||0px||true|false&#8221; global_colors_info=&#8221;{}&#8221;][et_pb_row _builder_version=&#8221;4.27.4&#8243; _module_preset=&#8221;default&#8221; custom_margin=&#8221;0px||0px||true|false&#8221; custom_padding=&#8221;0px||0px||true|false&#8221; global_colors_info=&#8221;{}&#8221;][et_pb_column type=&#8221;4_4&#8243; _builder_version=&#8221;4.27.4&#8243; _module_preset=&#8221;default&#8221; global_colors_info=&#8221;{}&#8221;][et_pb_text _builder_version=&#8221;4.27.4&#8243; _module_preset=&#8221;default&#8221; text_text_color=&#8221;#FFFFFF&#8221; text_font_size=&#8221;11px&#8221; background_layout=&#8221;dark&#8221; custom_padding=&#8221;2vh||2vh||true|false&#8221; global_colors_info=&#8221;{}&#8221;]<\/p>\n<p style=\"text-align: right;\">Powered by :<br \/><a href=\"https:\/\/www.equinox-creative.com\/\" target=\"_blank\" rel=\"noopener\" title=\"Equinox Creative\"> <img decoding=\"async\" src=\"https:\/\/oecc.eqxhub.com\/wp-content\/uploads\/EquinoxCreative-RGB_horizontal_no-tagline-white.png\" width=\"200\" alt=\"EquinoxCreative-RGB_horizontal_no-tagline-white\" class=\"wp-image-38 alignnone size-full\" \/><\/a><\/p>\n<p>[\/et_pb_text][\/et_pb_column][\/et_pb_row][\/et_pb_section]<\/p>\n","protected":false},"excerpt":{"rendered":"<p>Home Energy Guide Sign Up FormThese organizations have partnered together to help you save energy and money. Wisconsin EcoLatinos \u2022 The Hmong Institute \u2022 Latino Professionals Association \u2022 Project Home \u2022 Blacks for Political and Social Action of Dane County \u2022 Latino Academy of Workforce Development \u2022 Cornerstone Community Center \u2022 The Northside Planning Council [&hellip;]<\/p>\n","protected":false},"author":1,"featured_media":12,"parent":0,"menu_order":0,"comment_status":"closed","ping_status":"closed","template":"page-template-blank.php","meta":{"_et_pb_use_builder":"on","_et_pb_old_content":"","_et_gb_content_width":"","footnotes":""},"class_list":["post-38","page","type-page","status-publish","has-post-thumbnail","hentry"],"yoast_head":"<!-- This site is optimized with the Yoast SEO plugin v27.4 - https:\/\/yoast.com\/product\/yoast-seo-wordpress\/ -->\n<title>Home Energy Guide Sign Up Form - Dane County Office of Energy &amp; Climate Change<\/title>\n<meta name=\"description\" content=\"Home Energy Guide Sign Up Form: By signing up for a Home Energy Guide, you will be contacted within 10 business days by a Guide from...\" \/>\n<meta name=\"robots\" content=\"index, follow, max-snippet:-1, max-image-preview:large, max-video-preview:-1\" \/>\n<link rel=\"canonical\" href=\"https:\/\/oecc.eqxhub.com\/es\/home-energy-guide-sign-up-form\/\" \/>\n<meta property=\"og:locale\" content=\"es_MX\" \/>\n<meta property=\"og:type\" content=\"article\" \/>\n<meta property=\"og:title\" content=\"Home Energy Guide Sign Up Form - Dane County Office of Energy &amp; Climate Change\" \/>\n<meta property=\"og:description\" content=\"Home Energy Guide Sign Up Form: By signing up for a Home Energy Guide, you will be contacted within 10 business days by a Guide from...\" \/>\n<meta property=\"og:url\" content=\"https:\/\/oecc.eqxhub.com\/es\/home-energy-guide-sign-up-form\/\" \/>\n<meta property=\"og:site_name\" content=\"Dane County Office of Energy &amp; Climate Change\" \/>\n<meta property=\"article:modified_time\" content=\"2025-12-02T21:39:33+00:00\" \/>\n<meta property=\"og:image\" content=\"https:\/\/oecc.eqxhub.com\/wp-content\/uploads\/DCOECC_Logo_color.png\" \/>\n\t<meta property=\"og:image:width\" content=\"415\" \/>\n\t<meta property=\"og:image:height\" content=\"177\" \/>\n\t<meta property=\"og:image:type\" content=\"image\/png\" \/>\n<meta name=\"twitter:card\" content=\"summary_large_image\" \/>\n<meta name=\"twitter:label1\" content=\"Tiempo de lectura\" \/>\n\t<meta name=\"twitter:data1\" content=\"2 minutos\" \/>\n<script type=\"application\/ld+json\" class=\"yoast-schema-graph\">{\"@context\":\"https:\\\/\\\/schema.org\",\"@graph\":[{\"@type\":\"WebPage\",\"@id\":\"https:\\\/\\\/oecc.eqxhub.com\\\/home-energy-guide-sign-up-form\\\/\",\"url\":\"https:\\\/\\\/oecc.eqxhub.com\\\/home-energy-guide-sign-up-form\\\/\",\"name\":\"Home Energy Guide Sign Up Form - Dane County Office of Energy &amp; Climate Change\",\"isPartOf\":{\"@id\":\"https:\\\/\\\/oecc.eqxhub.com\\\/#website\"},\"primaryImageOfPage\":{\"@id\":\"https:\\\/\\\/oecc.eqxhub.com\\\/home-energy-guide-sign-up-form\\\/#primaryimage\"},\"image\":{\"@id\":\"https:\\\/\\\/oecc.eqxhub.com\\\/home-energy-guide-sign-up-form\\\/#primaryimage\"},\"thumbnailUrl\":\"https:\\\/\\\/oecc.eqxhub.com\\\/wp-content\\\/uploads\\\/DCOECC_Logo_color.png\",\"datePublished\":\"2025-09-18T18:57:51+00:00\",\"dateModified\":\"2025-12-02T21:39:33+00:00\",\"description\":\"Home Energy Guide Sign Up Form: By signing up for a Home Energy Guide, you will be contacted within 10 business days by a Guide from...\",\"breadcrumb\":{\"@id\":\"https:\\\/\\\/oecc.eqxhub.com\\\/home-energy-guide-sign-up-form\\\/#breadcrumb\"},\"inLanguage\":\"es\",\"potentialAction\":[{\"@type\":\"ReadAction\",\"target\":[\"https:\\\/\\\/oecc.eqxhub.com\\\/home-energy-guide-sign-up-form\\\/\"]}]},{\"@type\":\"ImageObject\",\"inLanguage\":\"es\",\"@id\":\"https:\\\/\\\/oecc.eqxhub.com\\\/home-energy-guide-sign-up-form\\\/#primaryimage\",\"url\":\"https:\\\/\\\/oecc.eqxhub.com\\\/wp-content\\\/uploads\\\/DCOECC_Logo_color.png\",\"contentUrl\":\"https:\\\/\\\/oecc.eqxhub.com\\\/wp-content\\\/uploads\\\/DCOECC_Logo_color.png\",\"width\":415,\"height\":177,\"caption\":\"DCOECC_Logo_color\"},{\"@type\":\"BreadcrumbList\",\"@id\":\"https:\\\/\\\/oecc.eqxhub.com\\\/home-energy-guide-sign-up-form\\\/#breadcrumb\",\"itemListElement\":[{\"@type\":\"ListItem\",\"position\":1,\"name\":\"Home\",\"item\":\"https:\\\/\\\/oecc.eqxhub.com\\\/\"},{\"@type\":\"ListItem\",\"position\":2,\"name\":\"Home Energy Guide Sign Up Form\"}]},{\"@type\":\"WebSite\",\"@id\":\"https:\\\/\\\/oecc.eqxhub.com\\\/#website\",\"url\":\"https:\\\/\\\/oecc.eqxhub.com\\\/\",\"name\":\"Dane County Office of Energy &amp; Climate Change\",\"description\":\"Dane County is Committed to Climate Action\",\"potentialAction\":[{\"@type\":\"SearchAction\",\"target\":{\"@type\":\"EntryPoint\",\"urlTemplate\":\"https:\\\/\\\/oecc.eqxhub.com\\\/?s={search_term_string}\"},\"query-input\":{\"@type\":\"PropertyValueSpecification\",\"valueRequired\":true,\"valueName\":\"search_term_string\"}}],\"inLanguage\":\"es\"}]}<\/script>\n<!-- \/ Yoast SEO plugin. -->","yoast_head_json":{"title":"Home Energy Guide Sign Up Form - Dane County Office of Energy &amp; Climate Change","description":"Home Energy Guide Sign Up Form: By signing up for a Home Energy Guide, you will be contacted within 10 business days by a Guide from...","robots":{"index":"index","follow":"follow","max-snippet":"max-snippet:-1","max-image-preview":"max-image-preview:large","max-video-preview":"max-video-preview:-1"},"canonical":"https:\/\/oecc.eqxhub.com\/es\/home-energy-guide-sign-up-form\/","og_locale":"es_MX","og_type":"article","og_title":"Home Energy Guide Sign Up Form - Dane County Office of Energy &amp; Climate Change","og_description":"Home Energy Guide Sign Up Form: By signing up for a Home Energy Guide, you will be contacted within 10 business days by a Guide from...","og_url":"https:\/\/oecc.eqxhub.com\/es\/home-energy-guide-sign-up-form\/","og_site_name":"Dane County Office of Energy &amp; Climate Change","article_modified_time":"2025-12-02T21:39:33+00:00","og_image":[{"width":415,"height":177,"url":"https:\/\/oecc.eqxhub.com\/wp-content\/uploads\/DCOECC_Logo_color.png","type":"image\/png"}],"twitter_card":"summary_large_image","twitter_misc":{"Tiempo de lectura":"2 minutos"},"schema":{"@context":"https:\/\/schema.org","@graph":[{"@type":"WebPage","@id":"https:\/\/oecc.eqxhub.com\/home-energy-guide-sign-up-form\/","url":"https:\/\/oecc.eqxhub.com\/home-energy-guide-sign-up-form\/","name":"Home Energy Guide Sign Up Form - Dane County Office of Energy &amp; Climate Change","isPartOf":{"@id":"https:\/\/oecc.eqxhub.com\/#website"},"primaryImageOfPage":{"@id":"https:\/\/oecc.eqxhub.com\/home-energy-guide-sign-up-form\/#primaryimage"},"image":{"@id":"https:\/\/oecc.eqxhub.com\/home-energy-guide-sign-up-form\/#primaryimage"},"thumbnailUrl":"https:\/\/oecc.eqxhub.com\/wp-content\/uploads\/DCOECC_Logo_color.png","datePublished":"2025-09-18T18:57:51+00:00","dateModified":"2025-12-02T21:39:33+00:00","description":"Home Energy Guide Sign Up Form: By signing up for a Home Energy Guide, you will be contacted within 10 business days by a Guide from...","breadcrumb":{"@id":"https:\/\/oecc.eqxhub.com\/home-energy-guide-sign-up-form\/#breadcrumb"},"inLanguage":"es","potentialAction":[{"@type":"ReadAction","target":["https:\/\/oecc.eqxhub.com\/home-energy-guide-sign-up-form\/"]}]},{"@type":"ImageObject","inLanguage":"es","@id":"https:\/\/oecc.eqxhub.com\/home-energy-guide-sign-up-form\/#primaryimage","url":"https:\/\/oecc.eqxhub.com\/wp-content\/uploads\/DCOECC_Logo_color.png","contentUrl":"https:\/\/oecc.eqxhub.com\/wp-content\/uploads\/DCOECC_Logo_color.png","width":415,"height":177,"caption":"DCOECC_Logo_color"},{"@type":"BreadcrumbList","@id":"https:\/\/oecc.eqxhub.com\/home-energy-guide-sign-up-form\/#breadcrumb","itemListElement":[{"@type":"ListItem","position":1,"name":"Home","item":"https:\/\/oecc.eqxhub.com\/"},{"@type":"ListItem","position":2,"name":"Home Energy Guide Sign Up Form"}]},{"@type":"WebSite","@id":"https:\/\/oecc.eqxhub.com\/#website","url":"https:\/\/oecc.eqxhub.com\/","name":"Dane County Office of Energy &amp; Climate Change","description":"Dane County is Committed to Climate Action","potentialAction":[{"@type":"SearchAction","target":{"@type":"EntryPoint","urlTemplate":"https:\/\/oecc.eqxhub.com\/?s={search_term_string}"},"query-input":{"@type":"PropertyValueSpecification","valueRequired":true,"valueName":"search_term_string"}}],"inLanguage":"es"}]}},"_links":{"self":[{"href":"https:\/\/oecc.eqxhub.com\/es\/wp-json\/wp\/v2\/pages\/38","targetHints":{"allow":["GET"]}}],"collection":[{"href":"https:\/\/oecc.eqxhub.com\/es\/wp-json\/wp\/v2\/pages"}],"about":[{"href":"https:\/\/oecc.eqxhub.com\/es\/wp-json\/wp\/v2\/types\/page"}],"author":[{"embeddable":true,"href":"https:\/\/oecc.eqxhub.com\/es\/wp-json\/wp\/v2\/users\/1"}],"replies":[{"embeddable":true,"href":"https:\/\/oecc.eqxhub.com\/es\/wp-json\/wp\/v2\/comments?post=38"}],"version-history":[{"count":10,"href":"https:\/\/oecc.eqxhub.com\/es\/wp-json\/wp\/v2\/pages\/38\/revisions"}],"predecessor-version":[{"id":85,"href":"https:\/\/oecc.eqxhub.com\/es\/wp-json\/wp\/v2\/pages\/38\/revisions\/85"}],"wp:featuredmedia":[{"embeddable":true,"href":"https:\/\/oecc.eqxhub.com\/es\/wp-json\/wp\/v2\/media\/12"}],"wp:attachment":[{"href":"https:\/\/oecc.eqxhub.com\/es\/wp-json\/wp\/v2\/media?parent=38"}],"curies":[{"name":"wp","href":"https:\/\/api.w.org\/{rel}","templated":true}]}}